{"id":499,"date":"2022-01-31T10:23:45","date_gmt":"2022-01-31T09:23:45","guid":{"rendered":"https:\/\/neu.dura-garden.de\/?page_id=499"},"modified":"2022-07-21T10:06:08","modified_gmt":"2022-07-21T08:06:08","slug":"pumpen-springbrunnen-dura-garden-gmbh","status":"publish","type":"page","link":"http:\/\/www.dura-garden.de\/en\/pumpen-springbrunnen-dura-garden-gmbh\/","title":{"rendered":"Pumpen"},"content":{"rendered":"<div data-elementor-type=\"wp-page\" data-elementor-id=\"499\" class=\"elementor elementor-499\" data-elementor-post-type=\"page\">\n\t\t\t\t\t\t<section class=\"elementor-section elementor-top-section elementor-element elementor-element-699ec80 elementor-section-boxed elementor-section-height-default elementor-section-height-default\" data-id=\"699ec80\" data-element_type=\"section\" data-e-type=\"section\">\n\t\t\t\t\t\t<div class=\"elementor-container elementor-column-gap-default\">\n\t\t\t\t\t<div class=\"elementor-column elementor-col-100 elementor-top-column elementor-element elementor-element-8e89f6f\" data-id=\"8e89f6f\" data-element_type=\"column\" data-e-type=\"column\">\n\t\t\t<div class=\"elementor-widget-wrap elementor-element-populated\">\n\t\t\t\t\t\t<div class=\"elementor-element elementor-element-8396335 elementor-widget elementor-widget-heading\" data-id=\"8396335\" data-element_type=\"widget\" data-e-type=\"widget\" data-widget_type=\"heading.default\">\n\t\t\t\t<div class=\"elementor-widget-container\">\n\t\t\t\t\t<h2 class=\"elementor-heading-title elementor-size-default\"><u>P<b>umpen &amp; F\u00fcllstandsautomatik<\/b><\/u><\/h2>\t\t\t\t<\/div>\n\t\t\t\t<\/div>\n\t\t\t\t\t<\/div>\n\t\t<\/div>\n\t\t\t\t\t<\/div>\n\t\t<\/section>\n\t\t\t\t<section class=\"elementor-section elementor-top-section elementor-element elementor-element-0bd74b3 elementor-section-boxed elementor-section-height-default elementor-section-height-default\" data-id=\"0bd74b3\" data-element_type=\"section\" data-e-type=\"section\">\n\t\t\t\t\t\t<div class=\"elementor-container elementor-column-gap-default\">\n\t\t\t\t\t<div class=\"elementor-column elementor-col-100 elementor-top-column elementor-element elementor-element-8491b9e\" data-id=\"8491b9e\" data-element_type=\"column\" data-e-type=\"column\">\n\t\t\t<div class=\"elementor-widget-wrap elementor-element-populated\">\n\t\t\t\t\t\t<div class=\"elementor-element elementor-element-e40e9ce elementor-widget-divider--view-line elementor-widget elementor-widget-divider\" data-id=\"e40e9ce\" data-element_type=\"widget\" data-e-type=\"widget\" data-widget_type=\"divider.default\">\n\t\t\t\t<div class=\"elementor-widget-container\">\n\t\t\t\t\t\t\t<div class=\"elementor-divider\">\n\t\t\t<span class=\"elementor-divider-separator\">\n\t\t\t\t\t\t<\/span>\n\t\t<\/div>\n\t\t\t\t\t\t<\/div>\n\t\t\t\t<\/div>\n\t\t\t\t\t<\/div>\n\t\t<\/div>\n\t\t\t\t\t<\/div>\n\t\t<\/section>\n\t\t\t\t<section class=\"elementor-section elementor-top-section elementor-element elementor-element-7004f4c elementor-section-boxed elementor-section-height-default elementor-section-height-default\" data-id=\"7004f4c\" data-element_type=\"section\" data-e-type=\"section\">\n\t\t\t\t\t\t<div class=\"elementor-container elementor-column-gap-default\">\n\t\t\t\t\t<div class=\"elementor-column elementor-col-100 elementor-top-column elementor-element elementor-element-61575c1\" data-id=\"61575c1\" data-element_type=\"column\" data-e-type=\"column\">\n\t\t\t<div class=\"elementor-widget-wrap elementor-element-populated\">\n\t\t\t\t\t\t<div class=\"elementor-element elementor-element-9e2f2df elementor-widget elementor-widget-text-editor\" data-id=\"9e2f2df\" data-element_type=\"widget\" data-e-type=\"widget\" data-widget_type=\"text-editor.default\">\n\t\t\t\t<div class=\"elementor-widget-container\">\n\t\t\t\t\t\t\t\t\t<h3><b><u>Polarius Fountain Flow<\/u><\/b><\/h3>\t\t\t\t\t\t\t\t<\/div>\n\t\t\t\t<\/div>\n\t\t\t\t\t<\/div>\n\t\t<\/div>\n\t\t\t\t\t<\/div>\n\t\t<\/section>\n\t\t\t\t<section class=\"elementor-section elementor-top-section elementor-element elementor-element-329a305 elementor-section-boxed elementor-section-height-default elementor-section-height-default\" data-id=\"329a305\" data-element_type=\"section\" data-e-type=\"section\">\n\t\t\t\t\t\t<div class=\"elementor-container elementor-column-gap-default\">\n\t\t\t\t\t<div class=\"elementor-column elementor-col-50 elementor-top-column elementor-element elementor-element-3d6c9ac\" data-id=\"3d6c9ac\" data-element_type=\"column\" data-e-type=\"column\">\n\t\t\t<div class=\"elementor-widget-wrap elementor-element-populated\">\n\t\t\t\t\t\t<div class=\"elementor-element elementor-element-7f6b6a3 elementor-widget elementor-widget-image\" data-id=\"7f6b6a3\" data-element_type=\"widget\" data-e-type=\"widget\" data-widget_type=\"image.default\">\n\t\t\t\t<div class=\"elementor-widget-container\">\n\t\t\t\t\t\t\t\t\t\t\t\t\t\t\t<img fetchpriority=\"high\" decoding=\"async\" width=\"1024\" height=\"681\" src=\"https:\/\/www.dura-garden.de\/wp-content\/uploads\/2022\/02\/Polarius_FF_01_RGB-1024x681.jpg\" class=\"attachment-large size-large wp-image-623\" alt=\"\" srcset=\"https:\/\/www.dura-garden.de\/wp-content\/uploads\/2022\/02\/Polarius_FF_01_RGB-1024x681.jpg 1024w, https:\/\/www.dura-garden.de\/wp-content\/uploads\/2022\/02\/Polarius_FF_01_RGB-300x199.jpg 300w, https:\/\/www.dura-garden.de\/wp-content\/uploads\/2022\/02\/Polarius_FF_01_RGB-768x511.jpg 768w, https:\/\/www.dura-garden.de\/wp-content\/uploads\/2022\/02\/Polarius_FF_01_RGB-1536x1021.jpg 1536w, https:\/\/www.dura-garden.de\/wp-content\/uploads\/2022\/02\/Polarius_FF_01_RGB-2048x1362.jpg 2048w\" sizes=\"(max-width: 1024px) 100vw, 1024px\" title=\"\">\t\t\t\t\t\t\t\t\t\t\t\t\t\t\t<\/div>\n\t\t\t\t<\/div>\n\t\t\t\t\t<\/div>\n\t\t<\/div>\n\t\t\t\t<div class=\"elementor-column elementor-col-50 elementor-top-column elementor-element elementor-element-61a51bb\" data-id=\"61a51bb\" data-element_type=\"column\" data-e-type=\"column\">\n\t\t\t<div class=\"elementor-widget-wrap elementor-element-populated\">\n\t\t\t\t\t\t<div class=\"elementor-element elementor-element-75af273 elementor-widget elementor-widget-text-editor\" data-id=\"75af273\" data-element_type=\"widget\" data-e-type=\"widget\" data-widget_type=\"text-editor.default\">\n\t\t\t\t<div class=\"elementor-widget-container\">\n\t\t\t\t\t\t\t\t\t<p><span style=\"color: #000000;\">Unsere Polarius Pumpen lassen Ihren Gartenteich lebendig werden. Ob Fontaine, Quellstein oder gro\u00dfe Wasserspiele, die Polarius Pumpen sind absolute Allrounder<\/span><\/p><div>\u00a0<\/div><div><p><span style=\"text-decoration: underline; color: #000000;\"><span style=\"text-decoration: underline; color: #000000;\"><strong>Erh\u00e4ltlich in den Ausf\u00fchrungen:<\/strong><\/span><\/span><\/p><hr \/><\/div><ul><li>\u00a08 Watt<\/li><li><hr \/>14 Watt<\/li><li><hr \/>25 Watt<\/li><li><hr \/>35 Watt<\/li><li><hr \/>45 Watt<\/li><li><hr \/>60 Watt<\/li><li><hr \/>75 Watt<\/li><li><hr \/>90 Watt<\/li><\/ul>\t\t\t\t\t\t\t\t<\/div>\n\t\t\t\t<\/div>\n\t\t\t\t\t<\/div>\n\t\t<\/div>\n\t\t\t\t\t<\/div>\n\t\t<\/section>\n\t\t\t\t<section class=\"elementor-section elementor-top-section elementor-element elementor-element-88bc6bd elementor-section-boxed elementor-section-height-default elementor-section-height-default\" data-id=\"88bc6bd\" data-element_type=\"section\" data-e-type=\"section\">\n\t\t\t\t\t\t<div class=\"elementor-container elementor-column-gap-default\">\n\t\t\t\t\t<div class=\"elementor-column elementor-col-100 elementor-top-column elementor-element elementor-element-a37042f\" data-id=\"a37042f\" data-element_type=\"column\" data-e-type=\"column\">\n\t\t\t<div class=\"elementor-widget-wrap elementor-element-populated\">\n\t\t\t\t\t\t<div class=\"elementor-element elementor-element-abea630 elementor-widget-divider--view-line elementor-widget elementor-widget-divider\" data-id=\"abea630\" data-element_type=\"widget\" data-e-type=\"widget\" data-widget_type=\"divider.default\">\n\t\t\t\t<div class=\"elementor-widget-container\">\n\t\t\t\t\t\t\t<div class=\"elementor-divider\">\n\t\t\t<span class=\"elementor-divider-separator\">\n\t\t\t\t\t\t<\/span>\n\t\t<\/div>\n\t\t\t\t\t\t<\/div>\n\t\t\t\t<\/div>\n\t\t\t\t<div class=\"elementor-element elementor-element-fb3e78a elementor-widget elementor-widget-text-editor\" data-id=\"fb3e78a\" data-element_type=\"widget\" data-e-type=\"widget\" data-widget_type=\"text-editor.default\">\n\t\t\t\t<div class=\"elementor-widget-container\">\n\t\t\t\t\t\t\t\t\t<h3><b><u>Polarius Creek Flow<\/u><\/b><\/h3><p>\u00a0<\/p>\t\t\t\t\t\t\t\t<\/div>\n\t\t\t\t<\/div>\n\t\t\t\t\t<\/div>\n\t\t<\/div>\n\t\t\t\t\t<\/div>\n\t\t<\/section>\n\t\t\t\t<section class=\"elementor-section elementor-top-section elementor-element elementor-element-0fb1487 elementor-section-boxed elementor-section-height-default elementor-section-height-default\" data-id=\"0fb1487\" data-element_type=\"section\" data-e-type=\"section\">\n\t\t\t\t\t\t<div class=\"elementor-container elementor-column-gap-default\">\n\t\t\t\t\t<div class=\"elementor-column elementor-col-50 elementor-top-column elementor-element elementor-element-e4f5fe6\" data-id=\"e4f5fe6\" data-element_type=\"column\" data-e-type=\"column\">\n\t\t\t<div class=\"elementor-widget-wrap elementor-element-populated\">\n\t\t\t\t\t\t<div class=\"elementor-element elementor-element-b5deae0 elementor-widget elementor-widget-image\" data-id=\"b5deae0\" data-element_type=\"widget\" data-e-type=\"widget\" data-widget_type=\"image.default\">\n\t\t\t\t<div class=\"elementor-widget-container\">\n\t\t\t\t\t\t\t\t\t\t\t\t\t\t\t<img decoding=\"async\" width=\"1024\" height=\"681\" src=\"https:\/\/www.dura-garden.de\/wp-content\/uploads\/2022\/02\/Polarius_Creek_Flow_01_RGB-1024x681.jpg\" class=\"attachment-large size-large wp-image-625\" alt=\"\" srcset=\"https:\/\/www.dura-garden.de\/wp-content\/uploads\/2022\/02\/Polarius_Creek_Flow_01_RGB-1024x681.jpg 1024w, https:\/\/www.dura-garden.de\/wp-content\/uploads\/2022\/02\/Polarius_Creek_Flow_01_RGB-300x199.jpg 300w, https:\/\/www.dura-garden.de\/wp-content\/uploads\/2022\/02\/Polarius_Creek_Flow_01_RGB-768x511.jpg 768w, https:\/\/www.dura-garden.de\/wp-content\/uploads\/2022\/02\/Polarius_Creek_Flow_01_RGB-1536x1021.jpg 1536w, https:\/\/www.dura-garden.de\/wp-content\/uploads\/2022\/02\/Polarius_Creek_Flow_01_RGB-2048x1362.jpg 2048w\" sizes=\"(max-width: 1024px) 100vw, 1024px\" title=\"\">\t\t\t\t\t\t\t\t\t\t\t\t\t\t\t<\/div>\n\t\t\t\t<\/div>\n\t\t\t\t\t<\/div>\n\t\t<\/div>\n\t\t\t\t<div class=\"elementor-column elementor-col-50 elementor-top-column elementor-element elementor-element-9653855\" data-id=\"9653855\" data-element_type=\"column\" data-e-type=\"column\">\n\t\t\t<div class=\"elementor-widget-wrap elementor-element-populated\">\n\t\t\t\t\t\t<div class=\"elementor-element elementor-element-f89e5ad elementor-widget elementor-widget-text-editor\" data-id=\"f89e5ad\" data-element_type=\"widget\" data-e-type=\"widget\" data-widget_type=\"text-editor.default\">\n\t\t\t\t<div class=\"elementor-widget-container\">\n\t\t\t\t\t\t\t\t\t<p><span style=\"text-decoration: underline;\"><strong>Erh\u00e4ltlich in folgenden Ausf\u00fchrungen:<\/strong><\/span><\/p><hr \/><ul><li><span style=\"color: #000000;\">\u00a0 35 Watt<\/span><\/li><li><hr \/>\u00a0 65 Watt<\/li><li><hr \/>\u00a0 95 Watt<\/li><li><hr \/>125 Watt<\/li><li><hr \/>135 Watt<\/li><li><hr \/>175 Watt<\/li><\/ul>\t\t\t\t\t\t\t\t<\/div>\n\t\t\t\t<\/div>\n\t\t\t\t\t<\/div>\n\t\t<\/div>\n\t\t\t\t\t<\/div>\n\t\t<\/section>\n\t\t\t\t<section class=\"elementor-section elementor-top-section elementor-element elementor-element-de78d4b elementor-section-boxed elementor-section-height-default elementor-section-height-default\" data-id=\"de78d4b\" data-element_type=\"section\" data-e-type=\"section\">\n\t\t\t\t\t\t<div class=\"elementor-container elementor-column-gap-default\">\n\t\t\t\t\t<div class=\"elementor-column elementor-col-100 elementor-top-column elementor-element elementor-element-541744f\" data-id=\"541744f\" data-element_type=\"column\" data-e-type=\"column\">\n\t\t\t<div class=\"elementor-widget-wrap elementor-element-populated\">\n\t\t\t\t\t\t<div class=\"elementor-element elementor-element-ebaf41d elementor-widget elementor-widget-text-editor\" data-id=\"ebaf41d\" data-element_type=\"widget\" data-e-type=\"widget\" data-widget_type=\"text-editor.default\">\n\t\t\t\t<div class=\"elementor-widget-container\">\n\t\t\t\t\t\t\t\t\t<p><span style=\"color: #000000;\"><strong>Die Asynchronmotorpumpe mit Vortex Freistomlaufrad f\u00fcr alle Bachl\u00e4ufe und Filteranlagen<\/strong><\/span><\/p><ul><li><span style=\"color: #000000;\">energiesparender Spaltrohrmotor<\/span><\/li><li><hr \/><span style=\"color: #000000;\">Votex Freistromlaufrad<\/span><\/li><li><hr \/><span style=\"color: #000000;\">\u00fcberlastungsgesch\u00fctzt durch Thermoschalter<\/span><\/li><li><hr \/><span style=\"color: #000000;\">trocken aufstellbar<\/span><\/li><li><hr \/><span style=\"color: #000000;\">gro\u00dfe Vorfilterkappen<\/span><\/li><li><hr \/><span style=\"color: #000000;\">verl\u00e4ngerte Reinigungsintervalle durch<\/span><\/li><li><hr \/><span style=\"color: #000000;\">optimalen Wasserfluss<\/span><\/li><li><hr \/><span style=\"color: #000000;\">schmutzwassergeeignet bis Korngr\u00f6\u00dfe 6 mm<\/span><\/li><li><hr \/><span style=\"color: #000000;\">wartungsfreundlich durch entnehmbare Laufeinheit<\/span><\/li><li><hr \/><span style=\"color: #000000;\">dauerlauffest durch verschleisfreie Keramiklagerung<\/span><\/li><li><hr \/><span style=\"color: #000000;\">alle spannungsgeladenen Teile v\u00f6llig in Harz vergossen<\/span><\/li><li><hr \/><span style=\"color: #000000;\">Schmutzpartikel bis 6 mm<\/span><\/li><\/ul>\t\t\t\t\t\t\t\t<\/div>\n\t\t\t\t<\/div>\n\t\t\t\t\t<\/div>\n\t\t<\/div>\n\t\t\t\t\t<\/div>\n\t\t<\/section>\n\t\t\t\t<section class=\"elementor-section elementor-top-section elementor-element elementor-element-4a2e53f elementor-section-boxed elementor-section-height-default elementor-section-height-default\" data-id=\"4a2e53f\" data-element_type=\"section\" data-e-type=\"section\">\n\t\t\t\t\t\t<div class=\"elementor-container elementor-column-gap-default\">\n\t\t\t\t\t<div class=\"elementor-column elementor-col-100 elementor-top-column elementor-element elementor-element-962ad2d\" data-id=\"962ad2d\" data-element_type=\"column\" data-e-type=\"column\">\n\t\t\t<div class=\"elementor-widget-wrap elementor-element-populated\">\n\t\t\t\t\t\t<div class=\"elementor-element elementor-element-18ebefd elementor-widget-divider--view-line elementor-widget elementor-widget-divider\" data-id=\"18ebefd\" data-element_type=\"widget\" data-e-type=\"widget\" data-widget_type=\"divider.default\">\n\t\t\t\t<div class=\"elementor-widget-container\">\n\t\t\t\t\t\t\t<div class=\"elementor-divider\">\n\t\t\t<span class=\"elementor-divider-separator\">\n\t\t\t\t\t\t<\/span>\n\t\t<\/div>\n\t\t\t\t\t\t<\/div>\n\t\t\t\t<\/div>\n\t\t\t\t\t<\/div>\n\t\t<\/div>\n\t\t\t\t\t<\/div>\n\t\t<\/section>\n\t\t\t\t<section class=\"elementor-section elementor-top-section elementor-element elementor-element-13a3724 elementor-section-boxed elementor-section-height-default elementor-section-height-default\" data-id=\"13a3724\" data-element_type=\"section\" data-e-type=\"section\">\n\t\t\t\t\t\t<div class=\"elementor-container elementor-column-gap-default\">\n\t\t\t\t\t<div class=\"elementor-column elementor-col-50 elementor-top-column elementor-element elementor-element-e5e48b9\" data-id=\"e5e48b9\" data-element_type=\"column\" data-e-type=\"column\">\n\t\t\t<div class=\"elementor-widget-wrap elementor-element-populated\">\n\t\t\t\t\t\t<div class=\"elementor-element elementor-element-4b428d4 elementor-widget elementor-widget-text-editor\" data-id=\"4b428d4\" data-element_type=\"widget\" data-e-type=\"widget\" data-widget_type=\"text-editor.default\">\n\t\t\t\t<div class=\"elementor-widget-container\">\n\t\t\t\t\t\t\t\t\t<h2><span style=\"text-decoration: underline;\"><strong><span style=\"color: #000000; text-decoration: underline;\">F\u00fcllstandsautomatik<\/span><\/strong><\/span><\/h2>\t\t\t\t\t\t\t\t<\/div>\n\t\t\t\t<\/div>\n\t\t\t\t\t<\/div>\n\t\t<\/div>\n\t\t\t\t<div class=\"elementor-column elementor-col-50 elementor-top-column elementor-element elementor-element-e7c3b5c\" data-id=\"e7c3b5c\" data-element_type=\"column\" data-e-type=\"column\">\n\t\t\t<div class=\"elementor-widget-wrap elementor-element-populated\">\n\t\t\t\t\t\t<div class=\"elementor-element elementor-element-38aac5f elementor-widget elementor-widget-image\" data-id=\"38aac5f\" data-element_type=\"widget\" data-e-type=\"widget\" data-widget_type=\"image.default\">\n\t\t\t\t<div class=\"elementor-widget-container\">\n\t\t\t\t\t\t\t\t\t\t\t\t\t\t\t<img decoding=\"async\" width=\"1024\" height=\"768\" src=\"https:\/\/www.dura-garden.de\/wp-content\/uploads\/2022\/02\/DG_Wasserstandsanz_Illu_-1024x768.jpg\" class=\"attachment-large size-large wp-image-626\" alt=\"\" srcset=\"https:\/\/www.dura-garden.de\/wp-content\/uploads\/2022\/02\/DG_Wasserstandsanz_Illu_-1024x768.jpg 1024w, https:\/\/www.dura-garden.de\/wp-content\/uploads\/2022\/02\/DG_Wasserstandsanz_Illu_-300x225.jpg 300w, https:\/\/www.dura-garden.de\/wp-content\/uploads\/2022\/02\/DG_Wasserstandsanz_Illu_-768x576.jpg 768w, https:\/\/www.dura-garden.de\/wp-content\/uploads\/2022\/02\/DG_Wasserstandsanz_Illu_-1536x1151.jpg 1536w, https:\/\/www.dura-garden.de\/wp-content\/uploads\/2022\/02\/DG_Wasserstandsanz_Illu_-2048x1535.jpg 2048w\" sizes=\"(max-width: 1024px) 100vw, 1024px\" title=\"\">\t\t\t\t\t\t\t\t\t\t\t\t\t\t\t<\/div>\n\t\t\t\t<\/div>\n\t\t\t\t\t<\/div>\n\t\t<\/div>\n\t\t\t\t\t<\/div>\n\t\t<\/section>\n\t\t\t\t<section class=\"elementor-section elementor-top-section elementor-element elementor-element-0024432 elementor-section-boxed elementor-section-height-default elementor-section-height-default\" data-id=\"0024432\" data-element_type=\"section\" data-e-type=\"section\">\n\t\t\t\t\t\t<div class=\"elementor-container elementor-column-gap-default\">\n\t\t\t\t\t<div class=\"elementor-column elementor-col-100 elementor-top-column elementor-element elementor-element-74e80ec\" data-id=\"74e80ec\" data-element_type=\"column\" data-e-type=\"column\">\n\t\t\t<div class=\"elementor-widget-wrap elementor-element-populated\">\n\t\t\t\t\t\t<div class=\"elementor-element elementor-element-3c487f0 elementor-widget-divider--view-line elementor-widget elementor-widget-divider\" data-id=\"3c487f0\" data-element_type=\"widget\" data-e-type=\"widget\" data-widget_type=\"divider.default\">\n\t\t\t\t<div class=\"elementor-widget-container\">\n\t\t\t\t\t\t\t<div class=\"elementor-divider\">\n\t\t\t<span class=\"elementor-divider-separator\">\n\t\t\t\t\t\t<\/span>\n\t\t<\/div>\n\t\t\t\t\t\t<\/div>\n\t\t\t\t<\/div>\n\t\t\t\t\t<\/div>\n\t\t<\/div>\n\t\t\t\t\t<\/div>\n\t\t<\/section>\n\t\t\t\t<\/div>","protected":false},"excerpt":{"rendered":"<p>Pumpen &amp; F\u00fcllstandsautomatik Polarius Fountain Flow Unsere Polarius Pumpen lassen Ihren Gartenteich lebendig werden. Ob Fontaine, Quellstein oder gro\u00dfe Wasserspiele, die Polarius Pumpen sind absolute Allrounder Erh\u00e4ltlich in den Ausf\u00fchrungen: &nbsp;8 Watt 14 Watt 25 Watt 35 Watt 45 Watt 60 Watt 75 Watt 90 Watt Polarius Creek Flow Erh\u00e4ltlich in folgenden Ausf\u00fchrungen: &nbsp; 35 [&hellip;]<\/p>","protected":false},"author":4,"featured_media":0,"parent":0,"menu_order":0,"comment_status":"closed","ping_status":"closed","template":"templates\/page-gullwidth.php","meta":{"ngg_post_thumbnail":0,"footnotes":""},"class_list":["post-499","page","type-page","status-publish","hentry"],"_links":{"self":[{"href":"http:\/\/www.dura-garden.de\/en\/wp-json\/wp\/v2\/pages\/499","targetHints":{"allow":["GET"]}}],"collection":[{"href":"http:\/\/www.dura-garden.de\/en\/wp-json\/wp\/v2\/pages"}],"about":[{"href":"http:\/\/www.dura-garden.de\/en\/wp-json\/wp\/v2\/types\/page"}],"author":[{"embeddable":true,"href":"http:\/\/www.dura-garden.de\/en\/wp-json\/wp\/v2\/users\/4"}],"replies":[{"embeddable":true,"href":"http:\/\/www.dura-garden.de\/en\/wp-json\/wp\/v2\/comments?post=499"}],"version-history":[{"count":45,"href":"http:\/\/www.dura-garden.de\/en\/wp-json\/wp\/v2\/pages\/499\/revisions"}],"predecessor-version":[{"id":2887,"href":"http:\/\/www.dura-garden.de\/en\/wp-json\/wp\/v2\/pages\/499\/revisions\/2887"}],"wp:attachment":[{"href":"http:\/\/www.dura-garden.de\/en\/wp-json\/wp\/v2\/media?parent=499"}],"curies":[{"name":"wp","href":"https:\/\/api.w.org\/{rel}","templated":true}]}}