{"id":486,"date":"2022-01-31T10:21:43","date_gmt":"2022-01-31T09:21:43","guid":{"rendered":"https:\/\/neu.dura-garden.de\/?page_id=486"},"modified":"2022-08-22T13:08:19","modified_gmt":"2022-08-22T11:08:19","slug":"universalwannen","status":"publish","type":"page","link":"http:\/\/www.dura-garden.de\/en\/universalwannen\/","title":{"rendered":"Universal- &#038; Schlittenwannen"},"content":{"rendered":"<div data-elementor-type=\"wp-page\" data-elementor-id=\"486\" class=\"elementor elementor-486\" data-elementor-post-type=\"page\">\n\t\t\t\t\t\t<section class=\"elementor-section elementor-top-section elementor-element elementor-element-089bc5e elementor-section-boxed elementor-section-height-default elementor-section-height-default\" data-id=\"089bc5e\" data-element_type=\"section\" data-e-type=\"section\">\n\t\t\t\t\t\t<div class=\"elementor-container elementor-column-gap-default\">\n\t\t\t\t\t<div class=\"elementor-column elementor-col-100 elementor-top-column elementor-element elementor-element-68ee6b4\" data-id=\"68ee6b4\" data-element_type=\"column\" data-e-type=\"column\">\n\t\t\t<div class=\"elementor-widget-wrap elementor-element-populated\">\n\t\t\t\t\t\t<div class=\"elementor-element elementor-element-3af4fe7 elementor-widget elementor-widget-text-editor\" data-id=\"3af4fe7\" data-element_type=\"widget\" data-e-type=\"widget\" data-widget_type=\"text-editor.default\">\n\t\t\t\t<div class=\"elementor-widget-container\">\n\t\t\t\t\t\t\t\t\t<p><span style=\"color: #000000;\">Unsere Universalwannen sind aus stabilen, witterungsbest\u00e4ndigen und hochbelastbaren GFK (glasfaserverst\u00e4rkter Kunststoff) und kommen f\u00fcr viele Zwecke zum Einsatz. Ob als Wildwanne, Kofferaumwanne z. B. F\u00fcr Brennholz, Pflanzen, als Auffangwanne, zum Transport bei Fl\u00fcssigkeiten, f\u00fcr die KFZ Werkstatt oder im Garten.<\/span><\/p>\t\t\t\t\t\t\t\t<\/div>\n\t\t\t\t<\/div>\n\t\t\t\t\t<\/div>\n\t\t<\/div>\n\t\t\t\t\t<\/div>\n\t\t<\/section>\n\t\t\t\t<section class=\"elementor-section elementor-top-section elementor-element elementor-element-f6b1dfc elementor-section-boxed elementor-section-height-default elementor-section-height-default\" data-id=\"f6b1dfc\" data-element_type=\"section\" data-e-type=\"section\">\n\t\t\t\t\t\t<div class=\"elementor-container elementor-column-gap-default\">\n\t\t\t\t\t<div class=\"elementor-column elementor-col-100 elementor-top-column elementor-element elementor-element-809c5b9\" data-id=\"809c5b9\" data-element_type=\"column\" data-e-type=\"column\">\n\t\t\t<div class=\"elementor-widget-wrap elementor-element-populated\">\n\t\t\t\t\t\t<div class=\"elementor-element elementor-element-d5b50a5 elementor-widget elementor-widget-image\" data-id=\"d5b50a5\" data-element_type=\"widget\" data-e-type=\"widget\" data-widget_type=\"image.default\">\n\t\t\t\t<div class=\"elementor-widget-container\">\n\t\t\t\t\t\t\t\t\t\t\t\t<figure class=\"wp-caption\">\n\t\t\t\t\t\t\t\t\t\t<img fetchpriority=\"high\" decoding=\"async\" width=\"300\" height=\"225\" src=\"https:\/\/www.dura-garden.de\/wp-content\/uploads\/2022\/01\/DSCI0518-300x225.jpg\" class=\"attachment-medium size-medium wp-image-257\" alt=\"\" srcset=\"https:\/\/www.dura-garden.de\/wp-content\/uploads\/2022\/01\/DSCI0518-300x225.jpg 300w, https:\/\/www.dura-garden.de\/wp-content\/uploads\/2022\/01\/DSCI0518-1024x768.jpg 1024w, https:\/\/www.dura-garden.de\/wp-content\/uploads\/2022\/01\/DSCI0518-768x576.jpg 768w, https:\/\/www.dura-garden.de\/wp-content\/uploads\/2022\/01\/DSCI0518-1536x1152.jpg 1536w, https:\/\/www.dura-garden.de\/wp-content\/uploads\/2022\/01\/DSCI0518.jpg 2048w\" sizes=\"(max-width: 300px) 100vw, 300px\" title=\"\">\t\t\t\t\t\t\t\t\t\t\t<figcaption class=\"widget-image-caption wp-caption-text\">Wanne nicht mit Trageseilen erh\u00e4ltlich<\/figcaption>\n\t\t\t\t\t\t\t\t\t\t<\/figure>\n\t\t\t\t\t\t\t\t\t<\/div>\n\t\t\t\t<\/div>\n\t\t\t\t\t<\/div>\n\t\t<\/div>\n\t\t\t\t\t<\/div>\n\t\t<\/section>\n\t\t\t\t<section class=\"elementor-section elementor-top-section elementor-element elementor-element-93fecb4 elementor-section-boxed elementor-section-height-default elementor-section-height-default\" data-id=\"93fecb4\" data-element_type=\"section\" data-e-type=\"section\">\n\t\t\t\t\t\t<div class=\"elementor-container elementor-column-gap-default\">\n\t\t\t\t\t<div class=\"elementor-column elementor-col-100 elementor-top-column elementor-element elementor-element-785a4b3\" data-id=\"785a4b3\" data-element_type=\"column\" data-e-type=\"column\">\n\t\t\t<div class=\"elementor-widget-wrap elementor-element-populated\">\n\t\t\t\t\t\t<div class=\"elementor-element elementor-element-283367b elementor-widget-divider--view-line elementor-widget elementor-widget-divider\" data-id=\"283367b\" data-element_type=\"widget\" data-e-type=\"widget\" data-widget_type=\"divider.default\">\n\t\t\t\t<div class=\"elementor-widget-container\">\n\t\t\t\t\t\t\t<div class=\"elementor-divider\">\n\t\t\t<span class=\"elementor-divider-separator\">\n\t\t\t\t\t\t<\/span>\n\t\t<\/div>\n\t\t\t\t\t\t<\/div>\n\t\t\t\t<\/div>\n\t\t\t\t\t<\/div>\n\t\t<\/div>\n\t\t\t\t\t<\/div>\n\t\t<\/section>\n\t\t\t\t<\/div>","protected":false},"excerpt":{"rendered":"<p>Unsere Universalwannen sind aus stabilen, witterungsbest\u00e4ndigen und hochbelastbaren GFK (glasfaserverst\u00e4rkter Kunststoff) und kommen f\u00fcr viele Zwecke zum Einsatz. Ob als Wildwanne, Kofferaumwanne z. B. F\u00fcr Brennholz, Pflanzen, als Auffangwanne, zum Transport bei Fl\u00fcssigkeiten, f\u00fcr die KFZ Werkstatt oder im Garten. Wanne nicht mit Trageseilen erh\u00e4ltlich<\/p>","protected":false},"author":4,"featured_media":0,"parent":0,"menu_order":0,"comment_status":"closed","ping_status":"closed","template":"","meta":{"ngg_post_thumbnail":0,"footnotes":""},"class_list":["post-486","page","type-page","status-publish","hentry"],"_links":{"self":[{"href":"http:\/\/www.dura-garden.de\/en\/wp-json\/wp\/v2\/pages\/486","targetHints":{"allow":["GET"]}}],"collection":[{"href":"http:\/\/www.dura-garden.de\/en\/wp-json\/wp\/v2\/pages"}],"about":[{"href":"http:\/\/www.dura-garden.de\/en\/wp-json\/wp\/v2\/types\/page"}],"author":[{"embeddable":true,"href":"http:\/\/www.dura-garden.de\/en\/wp-json\/wp\/v2\/users\/4"}],"replies":[{"embeddable":true,"href":"http:\/\/www.dura-garden.de\/en\/wp-json\/wp\/v2\/comments?post=486"}],"version-history":[{"count":31,"href":"http:\/\/www.dura-garden.de\/en\/wp-json\/wp\/v2\/pages\/486\/revisions"}],"predecessor-version":[{"id":3930,"href":"http:\/\/www.dura-garden.de\/en\/wp-json\/wp\/v2\/pages\/486\/revisions\/3930"}],"wp:attachment":[{"href":"http:\/\/www.dura-garden.de\/en\/wp-json\/wp\/v2\/media?parent=486"}],"curies":[{"name":"wp","href":"https:\/\/api.w.org\/{rel}","templated":true}]}}