{"id":470,"date":"2022-01-31T09:50:28","date_gmt":"2022-01-31T08:50:28","guid":{"rendered":"https:\/\/neu.dura-garden.de\/?page_id=470"},"modified":"2022-08-22T13:05:42","modified_gmt":"2022-08-22T11:05:42","slug":"boxen","status":"publish","type":"page","link":"http:\/\/www.dura-garden.de\/en\/boxen\/","title":{"rendered":"Boxen"},"content":{"rendered":"<div data-elementor-type=\"wp-page\" data-elementor-id=\"470\" class=\"elementor elementor-470\" data-elementor-post-type=\"page\">\n\t\t\t\t\t\t<section class=\"elementor-section elementor-top-section elementor-element elementor-element-e4c634f elementor-section-boxed elementor-section-height-default elementor-section-height-default\" data-id=\"e4c634f\" data-element_type=\"section\" data-e-type=\"section\">\n\t\t\t\t\t\t<div class=\"elementor-container elementor-column-gap-default\">\n\t\t\t\t\t<div class=\"elementor-column elementor-col-100 elementor-top-column elementor-element elementor-element-8cdf077\" data-id=\"8cdf077\" data-element_type=\"column\" data-e-type=\"column\">\n\t\t\t<div class=\"elementor-widget-wrap elementor-element-populated\">\n\t\t\t\t\t\t<div class=\"elementor-element elementor-element-4d41296 elementor-widget elementor-widget-text-editor\" data-id=\"4d41296\" data-element_type=\"widget\" data-e-type=\"widget\" data-widget_type=\"text-editor.default\">\n\t\t\t\t<div class=\"elementor-widget-container\">\n\t\t\t\t\t\t\t\t\t<p><span style=\"color: #000000;\">Unsere Universalboxen haben ihre Haltbarkeit und Vielseitigkeit bereits tausendfach unter Beweis gestellt, ob als Streugutbox, Batteriesammelbeh\u00e4lter, Lager und Transportbox, Kleinkl\u00e4ranlage, Pumpenkammer, Fischquarant\u00e4ne und H\u00e4lterungsbecken oder sogar in Spezialausstattung als Gefahrguttransportbox.<\/span><\/p>\t\t\t\t\t\t\t\t<\/div>\n\t\t\t\t<\/div>\n\t\t\t\t\t<\/div>\n\t\t<\/div>\n\t\t\t\t\t<\/div>\n\t\t<\/section>\n\t\t\t\t<section class=\"elementor-section elementor-top-section elementor-element elementor-element-fa28a2f elementor-section-boxed elementor-section-height-default elementor-section-height-default\" data-id=\"fa28a2f\" data-element_type=\"section\" data-e-type=\"section\">\n\t\t\t\t\t\t<div class=\"elementor-container elementor-column-gap-default\">\n\t\t\t\t\t<div class=\"elementor-column elementor-col-50 elementor-top-column elementor-element elementor-element-3c7ace1\" data-id=\"3c7ace1\" data-element_type=\"column\" data-e-type=\"column\">\n\t\t\t<div class=\"elementor-widget-wrap elementor-element-populated\">\n\t\t\t\t\t\t<div class=\"elementor-element elementor-element-4bc8a0f elementor-widget elementor-widget-image\" data-id=\"4bc8a0f\" data-element_type=\"widget\" data-e-type=\"widget\" data-widget_type=\"image.default\">\n\t\t\t\t<div class=\"elementor-widget-container\">\n\t\t\t\t\t\t\t\t\t\t\t\t\t\t\t\t<a href=\"https:\/\/neu.dura-garden.de\/streugutbehaelter\/?preview_id=2419&#038;preview_nonce=a3fc6687dc&#038;preview=true\">\n\t\t\t\t\t\t\t<img fetchpriority=\"high\" decoding=\"async\" width=\"768\" height=\"576\" src=\"https:\/\/www.dura-garden.de\/wp-content\/uploads\/2022\/03\/Lobox_Streugutbox_geschlossen_Schnee-768x576.jpg\" class=\"attachment-medium_large size-medium_large wp-image-2151\" alt=\"\" srcset=\"https:\/\/www.dura-garden.de\/wp-content\/uploads\/2022\/03\/Lobox_Streugutbox_geschlossen_Schnee-768x576.jpg 768w, https:\/\/www.dura-garden.de\/wp-content\/uploads\/2022\/03\/Lobox_Streugutbox_geschlossen_Schnee-300x225.jpg 300w, https:\/\/www.dura-garden.de\/wp-content\/uploads\/2022\/03\/Lobox_Streugutbox_geschlossen_Schnee-1024x768.jpg 1024w, https:\/\/www.dura-garden.de\/wp-content\/uploads\/2022\/03\/Lobox_Streugutbox_geschlossen_Schnee-1536x1152.jpg 1536w, https:\/\/www.dura-garden.de\/wp-content\/uploads\/2022\/03\/Lobox_Streugutbox_geschlossen_Schnee-2048x1536.jpg 2048w\" sizes=\"(max-width: 768px) 100vw, 768px\" title=\"\">\t\t\t\t\t\t\t\t<\/a>\n\t\t\t\t\t\t\t\t\t\t\t\t\t\t\t<\/div>\n\t\t\t\t<\/div>\n\t\t\t\t\t<\/div>\n\t\t<\/div>\n\t\t\t\t<div class=\"elementor-column elementor-col-50 elementor-top-column elementor-element elementor-element-ca8d34c\" data-id=\"ca8d34c\" data-element_type=\"column\" data-e-type=\"column\">\n\t\t\t<div class=\"elementor-widget-wrap elementor-element-populated\">\n\t\t\t\t\t\t<div class=\"elementor-element elementor-element-933f484 elementor-widget elementor-widget-image\" data-id=\"933f484\" data-element_type=\"widget\" data-e-type=\"widget\" data-widget_type=\"image.default\">\n\t\t\t\t<div class=\"elementor-widget-container\">\n\t\t\t\t\t\t\t\t\t\t\t\t\t\t\t<img decoding=\"async\" width=\"768\" height=\"536\" src=\"https:\/\/www.dura-garden.de\/wp-content\/uploads\/2022\/01\/Bilder-Kamera-220-Kopie-768x536.png\" class=\"attachment-medium_large size-medium_large wp-image-2262\" alt=\"\" srcset=\"https:\/\/www.dura-garden.de\/wp-content\/uploads\/2022\/01\/Bilder-Kamera-220-Kopie-768x536.png 768w, https:\/\/www.dura-garden.de\/wp-content\/uploads\/2022\/01\/Bilder-Kamera-220-Kopie-300x210.png 300w, https:\/\/www.dura-garden.de\/wp-content\/uploads\/2022\/01\/Bilder-Kamera-220-Kopie-1024x715.png 1024w, https:\/\/www.dura-garden.de\/wp-content\/uploads\/2022\/01\/Bilder-Kamera-220-Kopie-1536x1073.png 1536w, https:\/\/www.dura-garden.de\/wp-content\/uploads\/2022\/01\/Bilder-Kamera-220-Kopie.png 1735w\" sizes=\"(max-width: 768px) 100vw, 768px\" title=\"\">\t\t\t\t\t\t\t\t\t\t\t\t\t\t\t<\/div>\n\t\t\t\t<\/div>\n\t\t\t\t\t<\/div>\n\t\t<\/div>\n\t\t\t\t\t<\/div>\n\t\t<\/section>\n\t\t\t\t<section class=\"elementor-section elementor-top-section elementor-element elementor-element-b7e2010 elementor-section-boxed elementor-section-height-default elementor-section-height-default\" data-id=\"b7e2010\" data-element_type=\"section\" data-e-type=\"section\">\n\t\t\t\t\t\t<div class=\"elementor-container elementor-column-gap-default\">\n\t\t\t\t\t<div class=\"elementor-column elementor-col-100 elementor-top-column elementor-element elementor-element-ed540ed\" data-id=\"ed540ed\" data-element_type=\"column\" data-e-type=\"column\">\n\t\t\t<div class=\"elementor-widget-wrap\">\n\t\t\t\t\t\t\t<\/div>\n\t\t<\/div>\n\t\t\t\t\t<\/div>\n\t\t<\/section>\n\t\t\t\t<section class=\"elementor-section elementor-top-section elementor-element elementor-element-42ba0eb elementor-section-boxed elementor-section-height-default elementor-section-height-default\" data-id=\"42ba0eb\" data-element_type=\"section\" data-e-type=\"section\">\n\t\t\t\t\t\t<div class=\"elementor-container elementor-column-gap-default\">\n\t\t\t\t\t<div class=\"elementor-column elementor-col-50 elementor-top-column elementor-element elementor-element-9828cb4\" data-id=\"9828cb4\" data-element_type=\"column\" data-e-type=\"column\">\n\t\t\t<div class=\"elementor-widget-wrap elementor-element-populated\">\n\t\t\t\t\t\t<div class=\"elementor-element elementor-element-0c5df66 elementor-widget elementor-widget-text-editor\" data-id=\"0c5df66\" data-element_type=\"widget\" data-e-type=\"widget\" data-widget_type=\"text-editor.default\">\n\t\t\t\t<div class=\"elementor-widget-container\">\n\t\t\t\t\t\t\t\t\t<ul><li>T\u00dcV-gepr\u00fcft<\/li><li><hr \/>Gefahrgutzulassung<\/li><li><hr \/>Bis 750 kg bef\u00fcllbar<\/li><li><hr \/>Volumen 469 Liter<\/li><li><hr \/>mit Deckel \u00fcbereinander stapelbar<\/li><li><hr \/>bis zu 72 Boxen in einem LKW<\/li><li><hr \/>schnelles Be- und Entladen<\/li><li><hr \/>Au\u00dfenma\u00dfe ca 1200 mm x 800 mm<\/li><li><hr \/>H\u00f6he ca 715 mm<\/li><\/ul>\t\t\t\t\t\t\t\t<\/div>\n\t\t\t\t<\/div>\n\t\t\t\t\t<\/div>\n\t\t<\/div>\n\t\t\t\t<div class=\"elementor-column elementor-col-50 elementor-top-column elementor-element elementor-element-b5baf94\" data-id=\"b5baf94\" data-element_type=\"column\" data-e-type=\"column\">\n\t\t\t<div class=\"elementor-widget-wrap elementor-element-populated\">\n\t\t\t\t\t\t<div class=\"elementor-element elementor-element-503fc88 elementor-widget elementor-widget-text-editor\" data-id=\"503fc88\" data-element_type=\"widget\" data-e-type=\"widget\" data-widget_type=\"text-editor.default\">\n\t\t\t\t<div class=\"elementor-widget-container\">\n\t\t\t\t\t\t\t\t\t<ul><li><span style=\"color: #000000;\">T\u00dcV-gepr\u00fcft<\/span><\/li><li><hr \/><span style=\"color: #000000;\">Gefahrgutzulassung<\/span><\/li><li><hr \/><span style=\"color: #000000;\">sichert Transportgut und die Umwelt<\/span><\/li><li><hr \/><span style=\"color: #000000;\">bis 750 kg bef\u00fclbar\/Volumen 469 Liter<\/span><\/li><li><hr \/><span style=\"color: #000000;\">mit Deckel \u00fcbereinander stapelbar<\/span><\/li><li><hr \/><span style=\"color: #000000;\">bis zu 72 Boxen in einem LKW<\/span><\/li><li><hr \/><span style=\"color: #000000;\">schnelles Be- und Entladen<\/span><\/li><\/ul>\t\t\t\t\t\t\t\t<\/div>\n\t\t\t\t<\/div>\n\t\t\t\t\t<\/div>\n\t\t<\/div>\n\t\t\t\t\t<\/div>\n\t\t<\/section>\n\t\t\t\t<section class=\"elementor-section elementor-top-section elementor-element elementor-element-a4ff41c elementor-section-boxed elementor-section-height-default elementor-section-height-default\" data-id=\"a4ff41c\" data-element_type=\"section\" data-e-type=\"section\">\n\t\t\t\t\t\t<div class=\"elementor-container elementor-column-gap-default\">\n\t\t\t\t\t<div class=\"elementor-column elementor-col-100 elementor-top-column elementor-element elementor-element-ef74937\" data-id=\"ef74937\" data-element_type=\"column\" data-e-type=\"column\">\n\t\t\t<div class=\"elementor-widget-wrap elementor-element-populated\">\n\t\t\t\t\t\t<div class=\"elementor-element elementor-element-3fff867 elementor-widget-divider--view-line elementor-widget elementor-widget-divider\" data-id=\"3fff867\" data-element_type=\"widget\" data-e-type=\"widget\" data-widget_type=\"divider.default\">\n\t\t\t\t<div class=\"elementor-widget-container\">\n\t\t\t\t\t\t\t<div class=\"elementor-divider\">\n\t\t\t<span class=\"elementor-divider-separator\">\n\t\t\t\t\t\t<\/span>\n\t\t<\/div>\n\t\t\t\t\t\t<\/div>\n\t\t\t\t<\/div>\n\t\t\t\t\t<\/div>\n\t\t<\/div>\n\t\t\t\t\t<\/div>\n\t\t<\/section>\n\t\t\t\t<section class=\"elementor-section elementor-top-section elementor-element elementor-element-2bd411b elementor-section-boxed elementor-section-height-default elementor-section-height-default\" data-id=\"2bd411b\" data-element_type=\"section\" data-e-type=\"section\">\n\t\t\t\t\t\t<div class=\"elementor-container elementor-column-gap-default\">\n\t\t\t\t\t<div class=\"elementor-column elementor-col-100 elementor-top-column elementor-element elementor-element-6ed77f2\" data-id=\"6ed77f2\" data-element_type=\"column\" data-e-type=\"column\">\n\t\t\t<div class=\"elementor-widget-wrap elementor-element-populated\">\n\t\t\t\t\t\t<div class=\"elementor-element elementor-element-17cb82a elementor-widget elementor-widget-spacer\" data-id=\"17cb82a\" data-element_type=\"widget\" data-e-type=\"widget\" data-widget_type=\"spacer.default\">\n\t\t\t\t<div class=\"elementor-widget-container\">\n\t\t\t\t\t\t\t<div class=\"elementor-spacer\">\n\t\t\t<div class=\"elementor-spacer-inner\"><\/div>\n\t\t<\/div>\n\t\t\t\t\t\t<\/div>\n\t\t\t\t<\/div>\n\t\t\t\t\t<\/div>\n\t\t<\/div>\n\t\t\t\t\t<\/div>\n\t\t<\/section>\n\t\t\t\t<\/div>","protected":false},"excerpt":{"rendered":"<p>Unsere Universalboxen haben ihre Haltbarkeit und Vielseitigkeit bereits tausendfach unter Beweis gestellt, ob als Streugutbox, Batteriesammelbeh\u00e4lter, Lager und Transportbox, Kleinkl\u00e4ranlage, Pumpenkammer, Fischquarant\u00e4ne und H\u00e4lterungsbecken oder sogar in Spezialausstattung als Gefahrguttransportbox. T\u00dcV-gepr\u00fcft Gefahrgutzulassung Bis 750 kg bef\u00fcllbar Volumen 469 Liter mit Deckel \u00fcbereinander stapelbar bis zu 72 Boxen in einem LKW schnelles Be- und Entladen Au\u00dfenma\u00dfe [&hellip;]<\/p>","protected":false},"author":4,"featured_media":0,"parent":0,"menu_order":0,"comment_status":"closed","ping_status":"closed","template":"","meta":{"ngg_post_thumbnail":0,"footnotes":""},"class_list":["post-470","page","type-page","status-publish","hentry"],"_links":{"self":[{"href":"http:\/\/www.dura-garden.de\/en\/wp-json\/wp\/v2\/pages\/470","targetHints":{"allow":["GET"]}}],"collection":[{"href":"http:\/\/www.dura-garden.de\/en\/wp-json\/wp\/v2\/pages"}],"about":[{"href":"http:\/\/www.dura-garden.de\/en\/wp-json\/wp\/v2\/types\/page"}],"author":[{"embeddable":true,"href":"http:\/\/www.dura-garden.de\/en\/wp-json\/wp\/v2\/users\/4"}],"replies":[{"embeddable":true,"href":"http:\/\/www.dura-garden.de\/en\/wp-json\/wp\/v2\/comments?post=470"}],"version-history":[{"count":69,"href":"http:\/\/www.dura-garden.de\/en\/wp-json\/wp\/v2\/pages\/470\/revisions"}],"predecessor-version":[{"id":3916,"href":"http:\/\/www.dura-garden.de\/en\/wp-json\/wp\/v2\/pages\/470\/revisions\/3916"}],"wp:attachment":[{"href":"http:\/\/www.dura-garden.de\/en\/wp-json\/wp\/v2\/media?parent=470"}],"curies":[{"name":"wp","href":"https:\/\/api.w.org\/{rel}","templated":true}]}}