{"id":45,"date":"2021-09-07T09:23:53","date_gmt":"2021-09-07T07:23:53","guid":{"rendered":"https:\/\/neu.dura-garden.de\/?page_id=45"},"modified":"2024-02-13T14:31:04","modified_gmt":"2024-02-13T13:31:04","slug":"impressum-dura-garden-gmbh","status":"publish","type":"page","link":"http:\/\/www.dura-garden.de\/en\/impressum-dura-garden-gmbh\/","title":{"rendered":""},"content":{"rendered":"<div data-elementor-type=\"wp-page\" data-elementor-id=\"45\" class=\"elementor elementor-45\" data-elementor-post-type=\"page\">\n\t\t\t\t\t\t<section class=\"elementor-section elementor-top-section elementor-element elementor-element-7e3aacca elementor-section-boxed elementor-section-height-default elementor-section-height-default\" data-id=\"7e3aacca\" data-element_type=\"section\" data-e-type=\"section\">\n\t\t\t\t\t\t<div class=\"elementor-container elementor-column-gap-default\">\n\t\t\t\t\t<div class=\"elementor-column elementor-col-100 elementor-top-column elementor-element elementor-element-700039e9\" data-id=\"700039e9\" data-element_type=\"column\" data-e-type=\"column\">\n\t\t\t<div class=\"elementor-widget-wrap elementor-element-populated\">\n\t\t\t\t\t\t<div class=\"elementor-element elementor-element-5677870 elementor-widget elementor-widget-spacer\" data-id=\"5677870\" data-element_type=\"widget\" data-e-type=\"widget\" data-widget_type=\"spacer.default\">\n\t\t\t\t<div class=\"elementor-widget-container\">\n\t\t\t\t\t\t\t<div class=\"elementor-spacer\">\n\t\t\t<div class=\"elementor-spacer-inner\"><\/div>\n\t\t<\/div>\n\t\t\t\t\t\t<\/div>\n\t\t\t\t<\/div>\n\t\t\t\t<div class=\"elementor-element elementor-element-6b220868 elementor-widget elementor-widget-text-editor\" data-id=\"6b220868\" data-element_type=\"widget\" data-e-type=\"widget\" data-widget_type=\"text-editor.default\">\n\t\t\t\t<div class=\"elementor-widget-container\">\n\t\t\t\t\t\t\t\t\t<p><\/p>\n<p class=\"has-medium-font-size\"><strong>Impressum gem\u00e4\u00df \u00a7 5 TMG<\/strong><\/p>\n<hr>\n<p><span style=\"color: #da6e00;\"><strong>Anschrift<\/strong><\/span><\/p>\n<p><\/p>\n<p>Dura-Garden GmbH<br>Industriezentrum 14\/20<br>D &#8211; 32139 Spenge<\/p>\n<p><\/p>\n<p class=\"has-medium-font-size\"><span style=\"color: #da6e00;\"><strong>Gesch\u00e4ftsf\u00fchrer<\/strong><\/span><\/p>\n<p><\/p>\n<p>Thomas Lorenz<\/p>\n<p><\/p>\n<p>inhaltlich verantwortlich<br>gem\u00e4\u00df \u00a7 6 MDStV:<\/p>\n<p><\/p>\n<p>Thomas Lorenz<\/p>\n<p><\/p>\n<p class=\"has-medium-font-size\"><span style=\"color: #da6e00;\"><strong>Handelsregister<\/strong><\/span><\/p>\n<p><\/p>\n<p>USt-IdNr.: DE 250896301<\/p>\n<p><\/p>\n<p><\/p>\n<p class=\"has-medium-font-size\"><strong><span style=\"color: #da6e00;\">Telefon &amp; Bestellung<\/span><\/strong><\/p>\n<p><\/p>\n<p>Tel: +49 (0) 5225 &#8211; 601 210<\/p>\n<p><\/p>\n<p>info@dura-garden.de<\/p>\n<p><\/p>\n<p class=\"has-medium-font-size\"><span style=\"color: #da6e00;\"><strong>Website &amp; E-Mail-Adresse<\/strong><\/span><\/p>\n<p><\/p>\n<p>www.dura-garden.de<br>info@dura-garden.de<\/p>\n<p><\/p>\n<p class=\"has-medium-font-size\"><span style=\"color: #da6e00;\"><strong>Haftungshinweis<\/strong><\/span><\/p>\n<p><\/p>\n<p>Trotz sorgf\u00e4ltiger inhaltlicher Kontrolle \u00fcbernehmen wir keine Haftung f\u00fcr die Inhalte externer Links. F\u00fcr den Inhalt der verlinkten Seiten sind ausschlie\u00dflich deren Betreiber zur Verantwortung zu ziehen.<\/p>\n<p><span dir=\"ltr\" role=\"presentation\">Verbraucherstreitbeilegung\/Universalschlichtungsstelle<\/span><br role=\"presentation\"><span dir=\"ltr\" role=\"presentation\">Wir sind nicht bereit oder verpflichtet, an Streitbeilegungsverfahren vor einer<\/span><br role=\"presentation\"><span dir=\"ltr\" role=\"presentation\">Verbraucherschlichtungsstelle teilzunehmen.<\/span><\/p>\n<p><\/p>\n<p class=\"has-medium-font-size\"><span style=\"color: #da6e00;\"><strong>Gestaltung &amp; Umsetzung<\/strong><\/span><\/p>\n<p><\/p>\n<p>Dura-Garden GmbH<br><\/p>\n<p><\/p>\t\t\t\t\t\t\t\t<\/div>\n\t\t\t\t<\/div>\n\t\t\t\t\t<\/div>\n\t\t<\/div>\n\t\t\t\t\t<\/div>\n\t\t<\/section>\n\t\t\t\t<\/div>","protected":false},"excerpt":{"rendered":"<p>Impressum gem\u00e4\u00df \u00a7 5 TMG Anschrift Dura-Garden GmbHIndustriezentrum 14\/20D &#8211; 32139 Spenge Gesch\u00e4ftsf\u00fchrer Thomas Lorenz inhaltlich verantwortlichgem\u00e4\u00df \u00a7 6 MDStV: Thomas Lorenz Handelsregister USt-IdNr.: DE 250896301 Telefon &amp; Bestellung Tel: +49 (0) 5225 &#8211; 601 210 info@dura-garden.de Website &amp; E-Mail-Adresse www.dura-garden.deinfo@dura-garden.de Haftungshinweis Trotz sorgf\u00e4ltiger inhaltlicher Kontrolle \u00fcbernehmen wir keine Haftung f\u00fcr die Inhalte externer Links. [&hellip;]<\/p>","protected":false},"author":4,"featured_media":0,"parent":0,"menu_order":0,"comment_status":"closed","ping_status":"closed","template":"","meta":{"ngg_post_thumbnail":0,"footnotes":""},"class_list":["post-45","page","type-page","status-publish","hentry"],"_links":{"self":[{"href":"http:\/\/www.dura-garden.de\/en\/wp-json\/wp\/v2\/pages\/45","targetHints":{"allow":["GET"]}}],"collection":[{"href":"http:\/\/www.dura-garden.de\/en\/wp-json\/wp\/v2\/pages"}],"about":[{"href":"http:\/\/www.dura-garden.de\/en\/wp-json\/wp\/v2\/types\/page"}],"author":[{"embeddable":true,"href":"http:\/\/www.dura-garden.de\/en\/wp-json\/wp\/v2\/users\/4"}],"replies":[{"embeddable":true,"href":"http:\/\/www.dura-garden.de\/en\/wp-json\/wp\/v2\/comments?post=45"}],"version-history":[{"count":44,"href":"http:\/\/www.dura-garden.de\/en\/wp-json\/wp\/v2\/pages\/45\/revisions"}],"predecessor-version":[{"id":4100,"href":"http:\/\/www.dura-garden.de\/en\/wp-json\/wp\/v2\/pages\/45\/revisions\/4100"}],"wp:attachment":[{"href":"http:\/\/www.dura-garden.de\/en\/wp-json\/wp\/v2\/media?parent=45"}],"curies":[{"name":"wp","href":"https:\/\/api.w.org\/{rel}","templated":true}]}}