{"id":2419,"date":"2022-03-17T08:59:27","date_gmt":"2022-03-17T07:59:27","guid":{"rendered":"https:\/\/neu.dura-garden.de\/?page_id=2419"},"modified":"2022-08-22T13:07:14","modified_gmt":"2022-08-22T11:07:14","slug":"streugutbehaelter","status":"publish","type":"page","link":"http:\/\/www.dura-garden.de\/en\/streugutbehaelter\/","title":{"rendered":"Streugutbeh\u00e4lter &#8211; made in Germany"},"content":{"rendered":"<div data-elementor-type=\"wp-page\" data-elementor-id=\"2419\" class=\"elementor elementor-2419\" data-elementor-post-type=\"page\">\n\t\t\t\t\t\t<section class=\"elementor-section elementor-top-section elementor-element elementor-element-c932147 elementor-section-boxed elementor-section-height-default elementor-section-height-default\" data-id=\"c932147\" data-element_type=\"section\" data-e-type=\"section\">\n\t\t\t\t\t\t<div class=\"elementor-container elementor-column-gap-default\">\n\t\t\t\t\t<div class=\"elementor-column elementor-col-100 elementor-top-column elementor-element elementor-element-3fecb82\" data-id=\"3fecb82\" data-element_type=\"column\" data-e-type=\"column\">\n\t\t\t<div class=\"elementor-widget-wrap elementor-element-populated\">\n\t\t\t\t\t\t<div class=\"elementor-element elementor-element-a231036 elementor-widget elementor-widget-image\" data-id=\"a231036\" data-element_type=\"widget\" data-e-type=\"widget\" data-widget_type=\"image.default\">\n\t\t\t\t<div class=\"elementor-widget-container\">\n\t\t\t\t\t\t\t\t\t\t\t\t\t\t\t<img fetchpriority=\"high\" decoding=\"async\" width=\"284\" height=\"300\" src=\"https:\/\/www.dura-garden.de\/wp-content\/uploads\/2022\/03\/streugutboxen-lobox-284x300.jpg\" class=\"attachment-medium size-medium wp-image-2422\" alt=\"\" srcset=\"https:\/\/www.dura-garden.de\/wp-content\/uploads\/2022\/03\/streugutboxen-lobox-284x300.jpg 284w, https:\/\/www.dura-garden.de\/wp-content\/uploads\/2022\/03\/streugutboxen-lobox-768x812.jpg 768w, https:\/\/www.dura-garden.de\/wp-content\/uploads\/2022\/03\/streugutboxen-lobox.jpg 932w\" sizes=\"(max-width: 284px) 100vw, 284px\" title=\"\">\t\t\t\t\t\t\t\t\t\t\t\t\t\t\t<\/div>\n\t\t\t\t<\/div>\n\t\t\t\t<div class=\"elementor-element elementor-element-92b8cc7 elementor-widget elementor-widget-spacer\" data-id=\"92b8cc7\" data-element_type=\"widget\" data-e-type=\"widget\" data-widget_type=\"spacer.default\">\n\t\t\t\t<div class=\"elementor-widget-container\">\n\t\t\t\t\t\t\t<div class=\"elementor-spacer\">\n\t\t\t<div class=\"elementor-spacer-inner\"><\/div>\n\t\t<\/div>\n\t\t\t\t\t\t<\/div>\n\t\t\t\t<\/div>\n\t\t\t\t\t<\/div>\n\t\t<\/div>\n\t\t\t\t\t<\/div>\n\t\t<\/section>\n\t\t\t\t<section class=\"elementor-section elementor-top-section elementor-element elementor-element-c018761 elementor-section-boxed elementor-section-height-default elementor-section-height-default\" data-id=\"c018761\" data-element_type=\"section\" data-e-type=\"section\">\n\t\t\t\t\t\t<div class=\"elementor-container elementor-column-gap-default\">\n\t\t\t\t\t<div class=\"elementor-column elementor-col-100 elementor-top-column elementor-element elementor-element-a5e92f7\" data-id=\"a5e92f7\" data-element_type=\"column\" data-e-type=\"column\">\n\t\t\t<div class=\"elementor-widget-wrap elementor-element-populated\">\n\t\t\t\t\t\t<div class=\"elementor-element elementor-element-520f6bb elementor-widget elementor-widget-text-editor\" data-id=\"520f6bb\" data-element_type=\"widget\" data-e-type=\"widget\" data-widget_type=\"text-editor.default\">\n\t\t\t\t<div class=\"elementor-widget-container\">\n\t\t\t\t\t\t\t\t\t<div class=\"cm_column_wrapper\"><div class=\"cm_column cm-container-medium cm-container-no-columns-2\"><p><span style=\"text-decoration: underline;\"><span style=\"color: #000000; text-decoration: underline;\"><strong>Mit der LoBox in der Streugutbeh\u00e4lter-Version <\/strong><\/span><span style=\"color: #000000; text-decoration: underline;\"><strong>ist Ihr Streugut bei jedem Wetter gesch\u00fctzt <\/strong><\/span><span style=\"color: #000000; text-decoration: underline;\"><strong>und immer einsatzbereit. Der LoBox Streugutbeh\u00e4lter ist regendicht.<\/strong><\/span><\/span><\/p><\/div><div class=\"cm_column cm-container-large cm-container-no-columns-2\"><p><span style=\"color: #000000;\">Der LoBox Streugutbeh\u00e4lter aus glasfaserverst\u00e4rktem Duroplast-Kunststoff &#8211; <strong>GFK<\/strong> &#8211; ist UV-, temperaturbest\u00e4ndig \/ k\u00e4ltefest bis -60\u00b0C und\u00a0 korrosionsfest, wodurch bei sachgem\u00e4\u00dfem Einsatz eine lange Nutzungsdauer des LoBox Streugutbeh\u00e4lters von 20 Jahren zu erwarten ist.<\/span><\/p><p><span style=\"color: #000000;\">Die glatten Innenw\u00e4nde des LoBox Streugutbeh\u00e4lter erm\u00f6glichen ein r\u00fcckstandsfreies Entleeren und eine leichte Reinigung des LoBox Streugutbeh\u00e4lter. Im Gegensatz zu vielen anderen Streugutbeh\u00e4ltern ist der LoBox Streugutbeh\u00e4lter standardm\u00e4\u00dfig stapelbar, standardm\u00e4\u00dfig leer ineinander stapelbar und standardm\u00e4\u00dfig mit Hubwagen und Gabelstapler unterfahrbar. Auch der Deckel des LoBox Streugutbeh\u00e4lter ist \u00e4u\u00dferst stabil und robust ausgef\u00fchrt. <\/span><\/p><p><span style=\"text-decoration: underline;\"><strong><span style=\"color: #000000; text-decoration: underline;\">Der Einsatz des LoBox Streugutbeh\u00e4lter im Au\u00dfenbereich:<\/span><\/strong><\/span><\/p><ul><li><span style=\"color: #000000;\"> als Streugutbeh\u00e4lter f\u00fcr \u00f6ffentliche Anlagen, Kommunen, Wohnanlagen, Betriebsgel\u00e4nde, Winterdienste etc.<\/span><\/li><\/ul><p><span style=\"text-decoration: underline;\"><span style=\"color: #000000; text-decoration: underline;\"><strong>Einsatz des LoBox Streugutbeh\u00e4lter im Innenbereich:<\/strong> <\/span><\/span><\/p><ul><li><span style=\"color: #000000;\">als Sammel- und Lagerbeh\u00e4lter in Werkst\u00e4tten, landwirtschaftlichen Betrieben, Handwerksbetrieben, Filialbetrieben etc.<\/span><\/li><\/ul><\/div><\/div>\t\t\t\t\t\t\t\t<\/div>\n\t\t\t\t<\/div>\n\t\t\t\t\t<\/div>\n\t\t<\/div>\n\t\t\t\t\t<\/div>\n\t\t<\/section>\n\t\t\t\t<section class=\"elementor-section elementor-top-section elementor-element elementor-element-4069049 elementor-section-boxed elementor-section-height-default elementor-section-height-default\" data-id=\"4069049\" data-element_type=\"section\" data-e-type=\"section\">\n\t\t\t\t\t\t<div class=\"elementor-container elementor-column-gap-default\">\n\t\t\t\t\t<div class=\"elementor-column elementor-col-100 elementor-top-column elementor-element elementor-element-97b8189\" data-id=\"97b8189\" data-element_type=\"column\" data-e-type=\"column\">\n\t\t\t<div class=\"elementor-widget-wrap elementor-element-populated\">\n\t\t\t\t\t\t<div class=\"elementor-element elementor-element-9708513 elementor-widget-divider--view-line elementor-widget elementor-widget-divider\" data-id=\"9708513\" data-element_type=\"widget\" data-e-type=\"widget\" data-widget_type=\"divider.default\">\n\t\t\t\t<div class=\"elementor-widget-container\">\n\t\t\t\t\t\t\t<div class=\"elementor-divider\">\n\t\t\t<span class=\"elementor-divider-separator\">\n\t\t\t\t\t\t<\/span>\n\t\t<\/div>\n\t\t\t\t\t\t<\/div>\n\t\t\t\t<\/div>\n\t\t\t\t\t<\/div>\n\t\t<\/div>\n\t\t\t\t\t<\/div>\n\t\t<\/section>\n\t\t\t\t<section class=\"elementor-section elementor-top-section elementor-element elementor-element-3282e05 elementor-section-boxed elementor-section-height-default elementor-section-height-default\" data-id=\"3282e05\" data-element_type=\"section\" data-e-type=\"section\">\n\t\t\t\t\t\t<div class=\"elementor-container elementor-column-gap-default\">\n\t\t\t\t\t<div class=\"elementor-column elementor-col-50 elementor-top-column elementor-element elementor-element-44c2315\" data-id=\"44c2315\" data-element_type=\"column\" data-e-type=\"column\">\n\t\t\t<div class=\"elementor-widget-wrap elementor-element-populated\">\n\t\t\t\t\t\t<div class=\"elementor-element elementor-element-e1bf63c elementor-widget elementor-widget-image\" data-id=\"e1bf63c\" data-element_type=\"widget\" data-e-type=\"widget\" data-widget_type=\"image.default\">\n\t\t\t\t<div class=\"elementor-widget-container\">\n\t\t\t\t\t\t\t\t\t\t\t\t\t\t\t<img decoding=\"async\" width=\"255\" height=\"300\" src=\"https:\/\/www.dura-garden.de\/wp-content\/uploads\/2022\/03\/streugutbehaelter-winterdienst-255x300.jpg\" class=\"attachment-medium size-medium wp-image-2421\" alt=\"\" srcset=\"https:\/\/www.dura-garden.de\/wp-content\/uploads\/2022\/03\/streugutbehaelter-winterdienst-255x300.jpg 255w, https:\/\/www.dura-garden.de\/wp-content\/uploads\/2022\/03\/streugutbehaelter-winterdienst-872x1024.jpg 872w, https:\/\/www.dura-garden.de\/wp-content\/uploads\/2022\/03\/streugutbehaelter-winterdienst-768x902.jpg 768w, https:\/\/www.dura-garden.de\/wp-content\/uploads\/2022\/03\/streugutbehaelter-winterdienst.jpg 876w\" sizes=\"(max-width: 255px) 100vw, 255px\" title=\"\">\t\t\t\t\t\t\t\t\t\t\t\t\t\t\t<\/div>\n\t\t\t\t<\/div>\n\t\t\t\t\t<\/div>\n\t\t<\/div>\n\t\t\t\t<div class=\"elementor-column elementor-col-50 elementor-top-column elementor-element elementor-element-845eb1e\" data-id=\"845eb1e\" data-element_type=\"column\" data-e-type=\"column\">\n\t\t\t<div class=\"elementor-widget-wrap elementor-element-populated\">\n\t\t\t\t\t\t<div class=\"elementor-element elementor-element-cb59b0a elementor-widget elementor-widget-spacer\" data-id=\"cb59b0a\" data-element_type=\"widget\" data-e-type=\"widget\" data-widget_type=\"spacer.default\">\n\t\t\t\t<div class=\"elementor-widget-container\">\n\t\t\t\t\t\t\t<div class=\"elementor-spacer\">\n\t\t\t<div class=\"elementor-spacer-inner\"><\/div>\n\t\t<\/div>\n\t\t\t\t\t\t<\/div>\n\t\t\t\t<\/div>\n\t\t\t\t<div class=\"elementor-element elementor-element-43e37d1 elementor-widget elementor-widget-text-editor\" data-id=\"43e37d1\" data-element_type=\"widget\" data-e-type=\"widget\" data-widget_type=\"text-editor.default\">\n\t\t\t\t<div class=\"elementor-widget-container\">\n\t\t\t\t\t\t\t\t\t<div class=\"cm_column_wrapper\"><div class=\"cm_column cm-container-medium cm-container-no-columns-2\"><p><span style=\"color: #000000;\">Der sehr stabile Deckel des LoBox Streugutbeh\u00e4lters ist standardm\u00e4\u00dfig und aufpreisfrei stapelbar, sicher gegen Vandalismus und optional verschlie\u00dfbar.<\/span><\/p><\/div><div class=\"cm_column cm-container-large cm-container-no-columns-2\"><p><span style=\"color: #000000;\">Der LoBox Streugutbeh\u00e4lter ohne \u00d6ffnung ist mit Deckel stapelbar und ohne Deckel leer ineinander stapelbar (nestbar). Au\u00dferdem ist der LoBox Streugutbeh\u00e4lter standardm\u00e4\u00dfig und aufpreisfrei 4-seitig mit Hubwagen und Stapler unterfahrbar. Mit dem Europaletten-Ma\u00df 1200mm x 800mm l\u00e4sst sich der LoBox Streugutbeh\u00e4lter Platz sparend auf dem LKW transportieren.<\/span><\/p><\/div><\/div><p><span style=\"text-decoration: underline; color: #000000;\"><strong>Die LoBox reduziert Leergutfahrten:<\/strong><\/span><\/p><p><span style=\"color: #000000;\"><strong>10 <\/strong><strong>LoBoxen<\/strong> pro Stellplatz <strong>= 320 Boxen<\/strong> auf einem LKW. <\/span><br \/><span style=\"color: #000000;\">Zum Vergleich = 64 Gitterboxen auf dem gleichen LKW.<\/span><\/p>\t\t\t\t\t\t\t\t<\/div>\n\t\t\t\t<\/div>\n\t\t\t\t\t<\/div>\n\t\t<\/div>\n\t\t\t\t\t<\/div>\n\t\t<\/section>\n\t\t\t\t<section class=\"elementor-section elementor-top-section elementor-element elementor-element-0962592 elementor-section-boxed elementor-section-height-default elementor-section-height-default\" data-id=\"0962592\" data-element_type=\"section\" data-e-type=\"section\">\n\t\t\t\t\t\t<div class=\"elementor-container elementor-column-gap-default\">\n\t\t\t\t\t<div class=\"elementor-column elementor-col-100 elementor-top-column elementor-element elementor-element-3332b20\" data-id=\"3332b20\" data-element_type=\"column\" data-e-type=\"column\">\n\t\t\t<div class=\"elementor-widget-wrap elementor-element-populated\">\n\t\t\t\t\t\t<div class=\"elementor-element elementor-element-5253618 elementor-widget-divider--view-line elementor-widget elementor-widget-divider\" data-id=\"5253618\" data-element_type=\"widget\" data-e-type=\"widget\" data-widget_type=\"divider.default\">\n\t\t\t\t<div class=\"elementor-widget-container\">\n\t\t\t\t\t\t\t<div class=\"elementor-divider\">\n\t\t\t<span class=\"elementor-divider-separator\">\n\t\t\t\t\t\t<\/span>\n\t\t<\/div>\n\t\t\t\t\t\t<\/div>\n\t\t\t\t<\/div>\n\t\t\t\t\t<\/div>\n\t\t<\/div>\n\t\t\t\t\t<\/div>\n\t\t<\/section>\n\t\t\t\t<section class=\"elementor-section elementor-top-section elementor-element elementor-element-ca6f08f elementor-section-boxed elementor-section-height-default elementor-section-height-default\" data-id=\"ca6f08f\" data-element_type=\"section\" data-e-type=\"section\">\n\t\t\t\t\t\t<div class=\"elementor-container elementor-column-gap-default\">\n\t\t\t\t\t<div class=\"elementor-column elementor-col-100 elementor-top-column elementor-element elementor-element-3e2ad1c\" data-id=\"3e2ad1c\" data-element_type=\"column\" data-e-type=\"column\">\n\t\t\t<div class=\"elementor-widget-wrap\">\n\t\t\t\t\t\t\t<\/div>\n\t\t<\/div>\n\t\t\t\t\t<\/div>\n\t\t<\/section>\n\t\t\t\t<\/div>","protected":false},"excerpt":{"rendered":"<p>Mit der LoBox in der Streugutbeh\u00e4lter-Version ist Ihr Streugut bei jedem Wetter gesch\u00fctzt und immer einsatzbereit. Der LoBox Streugutbeh\u00e4lter ist regendicht. Der LoBox Streugutbeh\u00e4lter aus glasfaserverst\u00e4rktem Duroplast-Kunststoff &#8211; GFK &#8211; ist UV-, temperaturbest\u00e4ndig \/ k\u00e4ltefest bis -60\u00b0C und&nbsp; korrosionsfest, wodurch bei sachgem\u00e4\u00dfem Einsatz eine lange Nutzungsdauer des LoBox Streugutbeh\u00e4lters von 20 Jahren zu erwarten ist. [&hellip;]<\/p>","protected":false},"author":4,"featured_media":0,"parent":0,"menu_order":0,"comment_status":"closed","ping_status":"closed","template":"","meta":{"ngg_post_thumbnail":0,"footnotes":""},"class_list":["post-2419","page","type-page","status-publish","hentry"],"_links":{"self":[{"href":"http:\/\/www.dura-garden.de\/en\/wp-json\/wp\/v2\/pages\/2419","targetHints":{"allow":["GET"]}}],"collection":[{"href":"http:\/\/www.dura-garden.de\/en\/wp-json\/wp\/v2\/pages"}],"about":[{"href":"http:\/\/www.dura-garden.de\/en\/wp-json\/wp\/v2\/types\/page"}],"author":[{"embeddable":true,"href":"http:\/\/www.dura-garden.de\/en\/wp-json\/wp\/v2\/users\/4"}],"replies":[{"embeddable":true,"href":"http:\/\/www.dura-garden.de\/en\/wp-json\/wp\/v2\/comments?post=2419"}],"version-history":[{"count":21,"href":"http:\/\/www.dura-garden.de\/en\/wp-json\/wp\/v2\/pages\/2419\/revisions"}],"predecessor-version":[{"id":3924,"href":"http:\/\/www.dura-garden.de\/en\/wp-json\/wp\/v2\/pages\/2419\/revisions\/3924"}],"wp:attachment":[{"href":"http:\/\/www.dura-garden.de\/en\/wp-json\/wp\/v2\/media?parent=2419"}],"curies":[{"name":"wp","href":"https:\/\/api.w.org\/{rel}","templated":true}]}}